{"id":24,"date":"2012-12-30T15:11:32","date_gmt":"2012-12-30T15:11:32","guid":{"rendered":"http:\/\/www.nochebuenaparatodos.com.ar\/?page_id=24"},"modified":"2022-10-04T21:02:55","modified_gmt":"2022-10-05T00:02:55","slug":"descripcion-del-proyecto","status":"publish","type":"page","link":"https:\/\/nochebuenaparatodos.org\/wp2\/pagina-ejemplo-2\/descripcion-del-proyecto\/","title":{"rendered":"Descripci\u00f3n del proyecto"},"content":{"rendered":"<p><img loading=\"lazy\" decoding=\"async\" class=\"size-medium wp-image-475 aligncenter\" src=\"https:\/\/nochebuenaparatodos.org\/wp2\/wp-content\/uploads\/2018\/09\/puente-300x180.png\" alt=\"\" width=\"300\" height=\"180\" \/><\/p>\n<p style=\"text-align: justify;\">Queremos invitarlos a vivir una Navidad distinta, una navidad especial donde nos abramos a la realidad de los que menos tienen armando una caja de Nochebuena.<\/p>\n<p style=\"text-align: justify;\">A trav\u00e9s de la caja de Nochebuena compartiremos\u00a0 una cena navide\u00f1a y nos acercaremos a la vida de otra familia que no s\u00f3lo tiene carencias materiales sino tambi\u00e9n una gran necesidad de amor y de reconocimiento.<\/p>\n<p style=\"text-align: justify;\">La caja es un verdadero encuentro entre las familias que preparan y las familias que reciben la cena de Nochebuena.<\/p>\n<p style=\"text-align: justify;\">Les haremos llegar los nombres, las edades y la situaci\u00f3n particular de los integrantes de cada familia. Para ello contamos con el apoyo y el trabajo de los referentes de los barrios, centros o comedores que conocen las necesidades de los miembros de su comunidad y los preparan para descubrir este Gesto de Amor.<\/p>\n<p style=\"text-align: justify;\">Compartamos en familia, entre amigos, en el trabajo, una Navidad distinta, con la alegr\u00eda y la esperanza de\u00a0 vivir y hacer vivir la llegada del ni\u00f1o Jes\u00fas al coraz\u00f3n de todos los hombres.<\/p>\n\n","protected":false},"excerpt":{"rendered":"<p>Queremos invitarlos a vivir una Navidad distinta, una navidad especial donde nos abramos a la realidad de los que menos tienen armando una caja de Nochebuena. A trav\u00e9s de la caja de Nochebuena compartiremos\u00a0 una cena navide\u00f1a y nos acercaremos a la vida de otra familia que no s\u00f3lo tiene carencias materiales sino tambi\u00e9n una [&hellip;]<\/p>\n","protected":false},"author":1,"featured_media":0,"parent":431,"menu_order":1,"comment_status":"closed","ping_status":"closed","template":"","meta":{"site-sidebar-layout":"default","site-content-layout":"","ast-site-content-layout":"default","site-content-style":"default","site-sidebar-style":"default","ast-global-header-display":"","ast-banner-title-visibility":"","ast-main-header-display":"","ast-hfb-above-header-display":"","ast-hfb-below-header-display":"","ast-hfb-mobile-header-display":"","site-post-title":"","ast-breadcrumbs-content":"","ast-featured-img":"","footer-sml-layout":"","theme-transparent-header-meta":"","adv-header-id-meta":"","stick-header-meta":"","header-above-stick-meta":"","header-main-stick-meta":"","header-below-stick-meta":"","astra-migrate-meta-layouts":"default","ast-page-background-enabled":"default","ast-page-background-meta":{"desktop":{"background-color":"var(--ast-global-color-4)","background-image":"","background-repeat":"repeat","background-position":"center center","background-size":"auto","background-attachment":"scroll","background-type":"","background-media":"","overlay-type":"","overlay-color":"","overlay-opacity":"","overlay-gradient":""},"tablet":{"background-color":"","background-image":"","background-repeat":"repeat","background-position":"center center","background-size":"auto","background-attachment":"scroll","background-type":"","background-media":"","overlay-type":"","overlay-color":"","overlay-opacity":"","overlay-gradient":""},"mobile":{"background-color":"","background-image":"","background-repeat":"repeat","background-position":"center center","background-size":"auto","background-attachment":"scroll","background-type":"","background-media":"","overlay-type":"","overlay-color":"","overlay-opacity":"","overlay-gradient":""}},"ast-content-background-meta":{"desktop":{"background-color":"var(--ast-global-color-5)","background-image":"","background-repeat":"repeat","background-position":"center center","background-size":"auto","background-attachment":"scroll","background-type":"","background-media":"","overlay-type":"","overlay-color":"","overlay-opacity":"","overlay-gradient":""},"tablet":{"background-color":"var(--ast-global-color-5)","background-image":"","background-repeat":"repeat","background-position":"center center","background-size":"auto","background-attachment":"scroll","background-type":"","background-media":"","overlay-type":"","overlay-color":"","overlay-opacity":"","overlay-gradient":""},"mobile":{"background-color":"var(--ast-global-color-5)","background-image":"","background-repeat":"repeat","background-position":"center center","background-size":"auto","background-attachment":"scroll","background-type":"","background-media":"","overlay-type":"","overlay-color":"","overlay-opacity":"","overlay-gradient":""}},"footnotes":""},"class_list":["post-24","page","type-page","status-publish","hentry"],"_links":{"self":[{"href":"https:\/\/nochebuenaparatodos.org\/wp2\/wp-json\/wp\/v2\/pages\/24","targetHints":{"allow":["GET"]}}],"collection":[{"href":"https:\/\/nochebuenaparatodos.org\/wp2\/wp-json\/wp\/v2\/pages"}],"about":[{"href":"https:\/\/nochebuenaparatodos.org\/wp2\/wp-json\/wp\/v2\/types\/page"}],"author":[{"embeddable":true,"href":"https:\/\/nochebuenaparatodos.org\/wp2\/wp-json\/wp\/v2\/users\/1"}],"replies":[{"embeddable":true,"href":"https:\/\/nochebuenaparatodos.org\/wp2\/wp-json\/wp\/v2\/comments?post=24"}],"version-history":[{"count":5,"href":"https:\/\/nochebuenaparatodos.org\/wp2\/wp-json\/wp\/v2\/pages\/24\/revisions"}],"predecessor-version":[{"id":722,"href":"https:\/\/nochebuenaparatodos.org\/wp2\/wp-json\/wp\/v2\/pages\/24\/revisions\/722"}],"up":[{"embeddable":true,"href":"https:\/\/nochebuenaparatodos.org\/wp2\/wp-json\/wp\/v2\/pages\/431"}],"wp:attachment":[{"href":"https:\/\/nochebuenaparatodos.org\/wp2\/wp-json\/wp\/v2\/media?parent=24"}],"curies":[{"name":"wp","href":"https:\/\/api.w.org\/{rel}","templated":true}]}}