{"id":58,"date":"2012-12-30T16:15:08","date_gmt":"2012-12-30T19:15:08","guid":{"rendered":"http:\/\/www.musicasinprejuicios.com.ar\/?page_id=58"},"modified":"2024-11-07T20:01:39","modified_gmt":"2024-11-07T23:01:39","slug":"quienes-somos","status":"publish","type":"page","link":"https:\/\/nochebuenaparatodos.org\/wp2\/pagina-ejemplo-2\/quienes-somos\/","title":{"rendered":"Qui\u00e9nes somos"},"content":{"rendered":"<p style=\"text-align: center;\"><strong>EQUIPO ORGANIZADOR<\/strong><\/p>\n<p style=\"text-align: justify;\">\u00abSomos un equipo que nos unimos para llevar a cabo este proyecto, confiados en que este peque\u00f1o grano de arena es capaz de transformar los corazones de quienes participamos de \u00e9l. Estamos convencidos de que un gesto<strong>\u00a0de amor<\/strong> es lo que necesitan quienes se sienten olvidados para que sus vidas recobren valor. \u00abLa falta de amor es la mayor pobreza\u00bb (Santa Madre Teresa de Calcuta)\u00bb.<\/p>\n<div>\n<p style=\"text-align: justify;\"><strong>COORDINADORES<\/strong><u><\/u><u><\/u><\/p>\n<p style=\"text-align: justify;\">Contactate con cualquiera de los coordinadores que figuran a continuaci\u00f3n para que te asigne una familia. Te brindar\u00e1n la informaci\u00f3n correspondiente a la composici\u00f3n de esa familia, nombres, edades y situaci\u00f3n. Tambi\u00e9n podr\u00e1s solicitar alg\u00fan otro dato que pueda resultar \u00fatil, tal como talles de ropa, descripci\u00f3n de limitaciones en la gente enferma, etc. Para esto trabajamos conjuntamente con los referentes responsables de cada centro, quienes se ponen a disposici\u00f3n de las familias d\u00e1ndoles los datos que necesiten.<u><\/u><u><\/u><\/p>\n<p style=\"text-align: justify;\">En el caso que se les asigne alguna familia muy numerosa sugerimos preparar la caja entre dos o m\u00e1s familias (pueden ser vecinos, familias amigas, parientes); no queremos que nadie quede afuera por temor al gasto.<u><\/u><u><\/u><\/p>\n<p style=\"text-align: justify;\">Toda la informaci\u00f3n que surge de este proyecto es ABSOLUTAMENTE CONFIDENCIAL<u><\/u><u><\/u><\/p>\n<p><strong>Cecilia Velasco<\/strong><u><\/u><\/p>\n<p><a href=\"mailto:velascochacha@hotmail.com\" target=\"_blank\" rel=\"noopener noreferrer\">velascochacha@hotmail.com<\/a><\/p>\n<p><strong>Chivi Amaral<\/strong><u><\/u><u><\/u><\/p>\n<p><a href=\"mailto:chiviamaral@gmail.com\" target=\"_blank\" rel=\"noopener noreferrer\">chiviamaral@gmail.com<\/a><u><\/u><u><\/u><\/p>\n<p><strong>Marcela Andreone<\/strong><u><\/u><u><\/u><\/p>\n<p><a href=\"mailto:marceandreone@gmail.com\" target=\"_blank\" rel=\"noopener noreferrer\">marceandreone@gmail.com<\/a><u><\/u><u><\/u><\/p>\n<p><u><\/u>\u00a0<u><\/u><strong>Gaby Collazo<\/strong><u><\/u><u><\/u><\/p>\n<p><a href=\"mailto:gaby.nochebuena@gmail.com\" target=\"_blank\" rel=\"noopener noreferrer\">gaby.nochebuena@gmail.com<\/a><u><\/u><u><\/u><\/p>\n<p><strong>\u00a0<\/strong><u><\/u><u><\/u><strong>Vivian Funes<\/strong><u><\/u><u><\/u><\/p>\n<p><a href=\"mailto:vv.emery@hotmail.com\" target=\"_blank\" rel=\"noopener noreferrer\">vv.emery@hotmail.com<\/a><u><\/u><u><\/u><\/p>\n<p><strong><u><\/u>\u00a0<u><\/u><\/strong><strong>Solange Garz\u00f3n<\/strong><u><\/u><u><\/u><\/p>\n<p><a href=\"mailto:solange.nochebuena@gmail.com\" target=\"_blank\" rel=\"noopener noreferrer\">solange.nochebuena@gmail.com<\/a><u><\/u><u><\/u><\/p>\n<p><u><\/u><u><\/u><strong>Loli Gestoso<\/strong><u><\/u><u><\/u><\/p>\n<p><a href=\"mailto:loli.nochebuena@gmail.com\" target=\"_blank\" rel=\"noopener noreferrer\">loli.nochebuena@gmail.com<\/a><u><\/u><u><\/u><\/p>\n<p><strong>Gloria Lagomarsino<\/strong><u><\/u><u><\/u><\/p>\n<p><a href=\"mailto:gloria.nochebuena@gmail.com\" target=\"_blank\" rel=\"noopener noreferrer\">gloria.nochebuena@gmail.com<\/a><u><\/u><u><\/u><\/p>\n<p><strong><u><\/u>\u00a0<u><\/u><\/strong><strong>Mechi Miguens<\/strong><u><\/u><u><\/u><\/p>\n<p><a href=\"mailto:mechi.nochebuena@gmail.com\" target=\"_blank\" rel=\"noopener noreferrer\">mechi.nochebuena@gmail.com<\/a><u><\/u><u><\/u><\/p>\n<p><strong>Mar\u00eda Laura Parcerisa y Marcela Villanueva &#8211; Empresas<u><\/u><\/strong><\/p>\n<p><a href=\"mailto:empresas.nochebuena@gmail.com\" target=\"_blank\" rel=\"noopener noreferrer\">empresas.nochebuena@gmail.com<\/a><\/p>\n<p><strong style=\"font-size: revert;\">Claudio<\/strong><\/p>\n<p><a href=\"mailto:bonel.claudio@gmail.com\" target=\"_blank\" rel=\"noopener\">bonel.claudio@gmail.com<\/a><\/p>\n<\/div>\n<div>\n<div>\n<p><strong>Lidia<\/strong><\/p>\n<p><a href=\"mailto:voluntarios.nochebuena@gmail.com\">cajas.nochebuena@gmail.com<\/a><\/p>\n<p><strong>Jorge<\/strong><\/p>\n<p><a href=\"mailto:voluntarios.nochebuena@gmail.com\">voluntarios.nochebuena@gmail.com<\/a><\/p>\n<p><strong>Cecilia<\/strong><\/p>\n<p><a href=\"mailto:voluntarios.nochebuena@gmail.com\">cajas.nochebuena@gmail.com<\/a><\/p>\n<\/div>\n<\/div>\n<p style=\"text-align: center;\">\n","protected":false},"excerpt":{"rendered":"<p>EQUIPO ORGANIZADOR \u00abSomos un equipo que nos unimos para llevar a cabo este proyecto, confiados en que este peque\u00f1o grano de arena es capaz de transformar los corazones de quienes participamos de \u00e9l. Estamos convencidos de que un gesto\u00a0de amor es lo que necesitan quienes se sienten olvidados para que sus vidas recobren valor. \u00abLa [&hellip;]<\/p>\n","protected":false},"author":1,"featured_media":0,"parent":431,"menu_order":2,"comment_status":"closed","ping_status":"closed","template":"","meta":{"site-sidebar-layout":"default","site-content-layout":"","ast-site-content-layout":"default","site-content-style":"default","site-sidebar-style":"default","ast-global-header-display":"","ast-banner-title-visibility":"","ast-main-header-display":"","ast-hfb-above-header-display":"","ast-hfb-below-header-display":"","ast-hfb-mobile-header-display":"","site-post-title":"","ast-breadcrumbs-content":"","ast-featured-img":"","footer-sml-layout":"","theme-transparent-header-meta":"","adv-header-id-meta":"","stick-header-meta":"","header-above-stick-meta":"","header-main-stick-meta":"","header-below-stick-meta":"","astra-migrate-meta-layouts":"set","ast-page-background-enabled":"default","ast-page-background-meta":{"desktop":{"background-color":"var(--ast-global-color-4)","background-image":"","background-repeat":"repeat","background-position":"center center","background-size":"auto","background-attachment":"scroll","background-type":"","background-media":"","overlay-type":"","overlay-color":"","overlay-opacity":"","overlay-gradient":""},"tablet":{"background-color":"","background-image":"","background-repeat":"repeat","background-position":"center center","background-size":"auto","background-attachment":"scroll","background-type":"","background-media":"","overlay-type":"","overlay-color":"","overlay-opacity":"","overlay-gradient":""},"mobile":{"background-color":"","background-image":"","background-repeat":"repeat","background-position":"center center","background-size":"auto","background-attachment":"scroll","background-type":"","background-media":"","overlay-type":"","overlay-color":"","overlay-opacity":"","overlay-gradient":""}},"ast-content-background-meta":{"desktop":{"background-color":"var(--ast-global-color-5)","background-image":"","background-repeat":"repeat","background-position":"center center","background-size":"auto","background-attachment":"scroll","background-type":"","background-media":"","overlay-type":"","overlay-color":"","overlay-opacity":"","overlay-gradient":""},"tablet":{"background-color":"var(--ast-global-color-5)","background-image":"","background-repeat":"repeat","background-position":"center center","background-size":"auto","background-attachment":"scroll","background-type":"","background-media":"","overlay-type":"","overlay-color":"","overlay-opacity":"","overlay-gradient":""},"mobile":{"background-color":"var(--ast-global-color-5)","background-image":"","background-repeat":"repeat","background-position":"center center","background-size":"auto","background-attachment":"scroll","background-type":"","background-media":"","overlay-type":"","overlay-color":"","overlay-opacity":"","overlay-gradient":""}},"footnotes":""},"class_list":["post-58","page","type-page","status-publish","hentry"],"_links":{"self":[{"href":"https:\/\/nochebuenaparatodos.org\/wp2\/wp-json\/wp\/v2\/pages\/58","targetHints":{"allow":["GET"]}}],"collection":[{"href":"https:\/\/nochebuenaparatodos.org\/wp2\/wp-json\/wp\/v2\/pages"}],"about":[{"href":"https:\/\/nochebuenaparatodos.org\/wp2\/wp-json\/wp\/v2\/types\/page"}],"author":[{"embeddable":true,"href":"https:\/\/nochebuenaparatodos.org\/wp2\/wp-json\/wp\/v2\/users\/1"}],"replies":[{"embeddable":true,"href":"https:\/\/nochebuenaparatodos.org\/wp2\/wp-json\/wp\/v2\/comments?post=58"}],"version-history":[{"count":13,"href":"https:\/\/nochebuenaparatodos.org\/wp2\/wp-json\/wp\/v2\/pages\/58\/revisions"}],"predecessor-version":[{"id":954,"href":"https:\/\/nochebuenaparatodos.org\/wp2\/wp-json\/wp\/v2\/pages\/58\/revisions\/954"}],"up":[{"embeddable":true,"href":"https:\/\/nochebuenaparatodos.org\/wp2\/wp-json\/wp\/v2\/pages\/431"}],"wp:attachment":[{"href":"https:\/\/nochebuenaparatodos.org\/wp2\/wp-json\/wp\/v2\/media?parent=58"}],"curies":[{"name":"wp","href":"https:\/\/api.w.org\/{rel}","templated":true}]}}