{"id":71,"date":"2012-12-30T16:39:56","date_gmt":"2012-12-30T16:39:56","guid":{"rendered":"http:\/\/www.musicasinprejuicios.com.ar\/?page_id=71"},"modified":"2025-09-29T19:54:39","modified_gmt":"2025-09-29T22:54:39","slug":"las-cajas-2","status":"publish","type":"page","link":"https:\/\/nochebuenaparatodos.org\/wp2\/como-sumarse\/las-cajas-2\/","title":{"rendered":"Las cajas"},"content":{"rendered":"<p><span style=\"text-decoration: underline;\"><strong>Como armar la caja<\/strong><\/span><\/p>\n<p style=\"text-align: justify;\">Tomar una caja (pl\u00e1stico, cart\u00f3n grueso) y llenarla con el men\u00fa que indicamos en <a href=\"https:\/\/nochebuenaparatodos.org\/wp2\/como-sumarse\/las-cajas\/\">contenido de la caja<\/a>. La caja<strong> debe quedar completamente llena<\/strong> para evitar que se rompa cuando es cargada en los camiones que las llevan hacia los distintos centros comunitarios. <b>Recomendamos forrarla luego con pl\u00e1stico tipo film o con cinta transparente ancha para facilitar su sanitizaci\u00f3n.<\/b><\/p>\n<p style=\"text-align: justify;\">Una vez reunidas en Costa Salguero las cajas son cargadas y apiladas en grandes camiones que las transportan a sus respectivos destinos. \u00a1Si las cajas no son suficientemente fuertes y no est\u00e1n completamente llenas, se rompen y se desarman!<\/p>\n<p style=\"text-align: justify;\">Muchas de estas cajas viajan al interior y es necesario garantizar la llegada de las mismas en perfecto estado.<\/p>\n<p style=\"text-align: justify;\"><img loading=\"lazy\" decoding=\"async\" class=\"aligncenter wp-image-958\" src=\"https:\/\/nochebuenaparatodos.org\/wp2\/wp-content\/uploads\/2025\/09\/2025_Invitacion_editable-1024x768.jpg\" alt=\"\" width=\"800\" height=\"600\" srcset=\"https:\/\/nochebuenaparatodos.org\/wp2\/wp-content\/uploads\/2025\/09\/2025_Invitacion_editable-1024x768.jpg 1024w, https:\/\/nochebuenaparatodos.org\/wp2\/wp-content\/uploads\/2025\/09\/2025_Invitacion_editable-300x225.jpg 300w, https:\/\/nochebuenaparatodos.org\/wp2\/wp-content\/uploads\/2025\/09\/2025_Invitacion_editable-768x576.jpg 768w, https:\/\/nochebuenaparatodos.org\/wp2\/wp-content\/uploads\/2025\/09\/2025_Invitacion_editable.jpg 1512w\" sizes=\"auto, (max-width: 800px) 100vw, 800px\" \/><\/p>\n<p><span style=\"text-decoration: underline;\"><strong>La caja es un regalo.<\/strong><\/span><\/p>\n<p style=\"text-align: justify;\">No olvidemos decorarla y pintarla con motivos navide\u00f1os. Sugerimos agregar regalitos especiales: art\u00edculos de limpieza e higiene, ropa blanca, art\u00edculos de bazar, juguetes (no relacionados con la violencia), pesebres, arbolitos de navidad, muchas cartas contando sobre nuestras familias, dibujos, tarjetas, regalos y todo lo que imaginen pueda sorprender a quien reciba su caja. El \u00e1nimo de <em><strong>N<\/strong><strong>ochebuena para todos<\/strong><\/em> es compartir y es bueno que ellos tambi\u00e9n conozcan algo de nosotros.<\/p>\n<p style=\"text-align: left;\"><span style=\"text-decoration: underline;\"><strong>El objetivo al preparar las cajas:<\/strong><\/span><\/p>\n<p style=\"text-align: justify;\">Sabemos que con la cena de un d\u00eda no modificaremos ni la alimentaci\u00f3n ni la nutrici\u00f3n de esas personas, por eso nos ocuparemos de que coman cosas bien ricas y especiales que no consumen habitualmente.\u00a0No olvidemos que queremos que compartan una cena de Nochebuena, de alegr\u00eda y de encuentro.\u00a0Es importante ver que todo entra por los ojos, as\u00ed que la presentaci\u00f3n es muy importante.<\/p>\n","protected":false},"excerpt":{"rendered":"<p>Como armar la caja Tomar una caja (pl\u00e1stico, cart\u00f3n grueso) y llenarla con el men\u00fa que indicamos en contenido de la caja. La caja debe quedar completamente llena para evitar que se rompa cuando es cargada en los camiones que las llevan hacia los distintos centros comunitarios. Recomendamos forrarla luego con pl\u00e1stico tipo film o [&hellip;]<\/p>\n","protected":false},"author":1,"featured_media":0,"parent":52,"menu_order":0,"comment_status":"closed","ping_status":"closed","template":"","meta":{"site-sidebar-layout":"default","site-content-layout":"","ast-site-content-layout":"default","site-content-style":"default","site-sidebar-style":"default","ast-global-header-display":"","ast-banner-title-visibility":"","ast-main-header-display":"","ast-hfb-above-header-display":"","ast-hfb-below-header-display":"","ast-hfb-mobile-header-display":"","site-post-title":"","ast-breadcrumbs-content":"","ast-featured-img":"","footer-sml-layout":"","theme-transparent-header-meta":"","adv-header-id-meta":"","stick-header-meta":"","header-above-stick-meta":"","header-main-stick-meta":"","header-below-stick-meta":"","astra-migrate-meta-layouts":"set","ast-page-background-enabled":"default","ast-page-background-meta":{"desktop":{"background-color":"var(--ast-global-color-4)","background-image":"","background-repeat":"repeat","background-position":"center center","background-size":"auto","background-attachment":"scroll","background-type":"","background-media":"","overlay-type":"","overlay-color":"","overlay-opacity":"","overlay-gradient":""},"tablet":{"background-color":"","background-image":"","background-repeat":"repeat","background-position":"center center","background-size":"auto","background-attachment":"scroll","background-type":"","background-media":"","overlay-type":"","overlay-color":"","overlay-opacity":"","overlay-gradient":""},"mobile":{"background-color":"","background-image":"","background-repeat":"repeat","background-position":"center center","background-size":"auto","background-attachment":"scroll","background-type":"","background-media":"","overlay-type":"","overlay-color":"","overlay-opacity":"","overlay-gradient":""}},"ast-content-background-meta":{"desktop":{"background-color":"var(--ast-global-color-5)","background-image":"","background-repeat":"repeat","background-position":"center center","background-size":"auto","background-attachment":"scroll","background-type":"","background-media":"","overlay-type":"","overlay-color":"","overlay-opacity":"","overlay-gradient":""},"tablet":{"background-color":"var(--ast-global-color-5)","background-image":"","background-repeat":"repeat","background-position":"center center","background-size":"auto","background-attachment":"scroll","background-type":"","background-media":"","overlay-type":"","overlay-color":"","overlay-opacity":"","overlay-gradient":""},"mobile":{"background-color":"var(--ast-global-color-5)","background-image":"","background-repeat":"repeat","background-position":"center center","background-size":"auto","background-attachment":"scroll","background-type":"","background-media":"","overlay-type":"","overlay-color":"","overlay-opacity":"","overlay-gradient":""}},"footnotes":""},"class_list":["post-71","page","type-page","status-publish","hentry"],"_links":{"self":[{"href":"https:\/\/nochebuenaparatodos.org\/wp2\/wp-json\/wp\/v2\/pages\/71","targetHints":{"allow":["GET"]}}],"collection":[{"href":"https:\/\/nochebuenaparatodos.org\/wp2\/wp-json\/wp\/v2\/pages"}],"about":[{"href":"https:\/\/nochebuenaparatodos.org\/wp2\/wp-json\/wp\/v2\/types\/page"}],"author":[{"embeddable":true,"href":"https:\/\/nochebuenaparatodos.org\/wp2\/wp-json\/wp\/v2\/users\/1"}],"replies":[{"embeddable":true,"href":"https:\/\/nochebuenaparatodos.org\/wp2\/wp-json\/wp\/v2\/comments?post=71"}],"version-history":[{"count":14,"href":"https:\/\/nochebuenaparatodos.org\/wp2\/wp-json\/wp\/v2\/pages\/71\/revisions"}],"predecessor-version":[{"id":960,"href":"https:\/\/nochebuenaparatodos.org\/wp2\/wp-json\/wp\/v2\/pages\/71\/revisions\/960"}],"up":[{"embeddable":true,"href":"https:\/\/nochebuenaparatodos.org\/wp2\/wp-json\/wp\/v2\/pages\/52"}],"wp:attachment":[{"href":"https:\/\/nochebuenaparatodos.org\/wp2\/wp-json\/wp\/v2\/media?parent=71"}],"curies":[{"name":"wp","href":"https:\/\/api.w.org\/{rel}","templated":true}]}}